
	  

{"id":31,"date":"2016-07-25T11:43:36","date_gmt":"2016-07-25T09:43:36","guid":{"rendered":"http:\/\/pastoraziun.ch\/luven\/links\/"},"modified":"2017-05-17T09:32:58","modified_gmt":"2017-05-17T07:32:58","slug":"links","status":"publish","type":"page","link":"https:\/\/pastoraziun.ch\/rm\/luven\/links\/","title":{"rendered":"Links"},"content":{"rendered":"<h5>Kirchlich<br \/>\nsind wir eingebettet in folgende Organisationen<\/h5>\n<p><a href=\"http:\/\/www.gr-ref.ch\" target=\"_blank\">Evangelisch-Reformierten Landeskirche Graub\u00fcnden<\/a><\/p>\n<p>Diese geh\u00f6rt zum&nbsp;<a href=\"http:\/\/www.kirchenbund.ch\/de\" target=\"_blank\">Schweizerischen Evangelischen Kirchenbund<\/a><\/p>\n<p>Wir sind Teil der&nbsp;<a href=\"http:\/\/www.leuenberg.net\/de\" target=\"_blank\">Gemeinschaft evangelischer Kirchen Europas<\/a>&nbsp;(GEKE)<\/p>\n<p>Der \u00e4ltere Name der GEKE lautet&nbsp;&#8220;Leuenberger Kirchengemeinschaft&#8221;. Ihr entscheidendes Dokument, die&nbsp;<a href=\"http:\/\/www.kirchenbund.ch\/sites\/default\/files\/Leuenberger-Konkordie-de.pdf\" target=\"_blank\">Leuenberger Konkordie<\/a>&nbsp;wurde auf dem Leuenberg erarbeitet. Sie begr\u00fcndet die Kirchengemeinschaft der verschiedenen protestantischen Kirchen&nbsp;(Lutherisch-Uniert-Reformiert)<\/p>\n<p>Weltweit geh\u00f6ren wir zur&nbsp;<a href=\"http:\/\/wcrc.ch\/de\/\" target=\"_blank\">Weltgemeinschaft Reformierter Kirchen<\/a><\/p>\n<h5>Unsere reformierten n\u00e4chsten Nachbarn sind<\/h5>\n<p>Die <a href=\"http:\/\/pleivreformada-castrisch.ch\/de\/\" target=\"_blank\">Kirchgemeinde Castrisch\/Riein\/Sevgein<\/a><\/p>\n<p>Die&nbsp;<a href=\"http:\/\/ilanz-reformiert.ch\" target=\"_blank\">Kirchgemeinde Ilanz\/Strada<\/a><\/p>\n<p>Die Kirchgemeinden <a href=\"http:\/\/www.waltensburg-vuorz.ch\/index.php?ConObj=1221\" target=\"_blank\">Waltensburg und Schnaus<\/a> (seit 2017 in Pastorationsgemeinschaft mit Ilanz)<\/p>\n<p>Die Kirchgemeinde in der&nbsp;<a href=\"http:\/\/www.auaviva-cadi.ch\" target=\"_blank\">Cadi<\/a>&nbsp;(Disentis und Umgebung)<\/p>\n<p>Die Kirchgemeinde&nbsp;<a href=\"https:\/\/www.sagogn-ref.ch\" target=\"_blank\">Sagogn\/Laax\/Falera<\/a><\/p>\n<p>Die Kirchgemeinde&nbsp;<a href=\"http:\/\/www.ref-kirche-flims.ch\" target=\"_blank\">Flims\/Bonaduz\/Rh\u00e4z\u00fcns<\/a><\/p>\n<p>Die Kirchgemeinde <a href=\"http:\/\/www.kirchgemeinde.ch\/kg\/trin\/\" target=\"_blank\">Trin<\/a><\/p>\n<p>Die Kirchgemeinde&nbsp;<a href=\"https:\/\/www.kirchefelsberg.ch\" target=\"_blank\">Felsberg<\/a><\/p>\n<p>Die Kirchgemeinde <a href=\"http:\/\/www.kirche-safiental.ch\/aktuell.html\" target=\"_blank\">Safiental<\/a>, die die fr\u00fcheren Gemeinden Valendas, Versam, Safien und Tenna umfasst.<\/p>\n<p>Die Kirchgemeinde <a href=\"http:\/\/www.ref-domat-ems.ch\" target=\"_blank\">Domat\/Ems<\/a><\/p>\n<h5>unsere katholischen Nachbarn sind<\/h5>\n<p><a href=\"http:\/\/pfarrei-ilanz.ch\" target=\"_blank\">http:\/\/pfarrei-ilanz.ch<\/a><\/p>\n<p><a href=\"http:\/\/pleiv-lumnezia.ch\/de\/\" target=\"_blank\">http:\/\/pleiv-lumnezia.ch\/de\/<\/a><\/p>\n<p><a href=\"http:\/\/kirchgemeinde-obersaxen-mundaun.ch\" target=\"_blank\">http:\/\/kirchgemeinde-obersaxen-mundaun.ch<\/a><\/p>\n<h5>Unsere Kirchgemeinden liegen auf dem Gebiet folgender politischer Gemeinden<\/h5>\n<p><a href=\"https:\/\/www.ilanz-glion.ch\" target=\"_blank\">Ilanz-Glion<\/a><\/p>\n<p><a href=\"https:\/\/www.obersaxenmundaun.swiss\/home\/\" target=\"_blank\">Obersaxen-Mundaun<\/a><\/p>\n<p><a href=\"http:\/\/www.lumnezia.ch\/home.html\" target=\"_blank\">Lumnezia<\/a><\/p>\n<p><a href=\"http:\/\/www.vals.ch\" target=\"_blank\">Vals<\/a><\/p>\n","protected":false},"excerpt":{"rendered":"<p>Kirchlich sind wir eingebettet in folgende Organisationen Evangelisch-Reformierten Landeskirche Graub\u00fcnden Diese geh\u00f6rt zum&nbsp;Schweizerischen Evangelischen Kirchenbund Wir sind Teil der&nbsp;Gemeinschaft evangelischer Kirchen Europas&nbsp;(GEKE) Der \u00e4ltere Name der GEKE lautet&nbsp;&#8220;Leuenberger Kirchengemeinschaft&#8221;. Ihr entscheidendes Dokument, die&nbsp;Leuenberger Konkordie&nbsp;wurde auf dem Leuenberg erarbeitet. Sie begr\u00fcndet die Kirchengemeinschaft der verschiedenen protestantischen Kirchen&nbsp;(Lutherisch-Uniert-Reformiert) Weltweit geh\u00f6ren wir zur&nbsp;Weltgemeinschaft Reformierter Kirchen Unsere reformierten n\u00e4chsten&#8230;  <a class=\"excerpt-read-more\" href=\"https:\/\/pastoraziun.ch\/rm\/luven\/links\/\" title=\"Read Links\">Read more &raquo;<\/a><\/p>\n","protected":false},"author":1,"featured_media":1512,"parent":7,"menu_order":67,"comment_status":"closed","ping_status":"closed","template":"page-luven.php","meta":{"ngg_post_thumbnail":0,"footnotes":""},"class_list":["post-31","page","type-page","status-publish","has-post-thumbnail","hentry"],"translation":{"provider":"WPGlobus","version":"3.0.0","language":"rm","enabled_languages":["de","rm"],"languages":{"de":{"title":true,"content":true,"excerpt":false},"rm":{"title":false,"content":true,"excerpt":false}}},"_links":{"self":[{"href":"https:\/\/pastoraziun.ch\/rm\/wp-json\/wp\/v2\/pages\/31","targetHints":{"allow":["GET"]}}],"collection":[{"href":"https:\/\/pastoraziun.ch\/rm\/wp-json\/wp\/v2\/pages"}],"about":[{"href":"https:\/\/pastoraziun.ch\/rm\/wp-json\/wp\/v2\/types\/page"}],"author":[{"embeddable":true,"href":"https:\/\/pastoraziun.ch\/rm\/wp-json\/wp\/v2\/users\/1"}],"replies":[{"embeddable":true,"href":"https:\/\/pastoraziun.ch\/rm\/wp-json\/wp\/v2\/comments?post=31"}],"version-history":[{"count":4,"href":"https:\/\/pastoraziun.ch\/rm\/wp-json\/wp\/v2\/pages\/31\/revisions"}],"predecessor-version":[{"id":1564,"href":"https:\/\/pastoraziun.ch\/rm\/wp-json\/wp\/v2\/pages\/31\/revisions\/1564"}],"up":[{"embeddable":true,"href":"https:\/\/pastoraziun.ch\/rm\/wp-json\/wp\/v2\/pages\/7"}],"wp:featuredmedia":[{"embeddable":true,"href":"https:\/\/pastoraziun.ch\/rm\/wp-json\/wp\/v2\/media\/1512"}],"wp:attachment":[{"href":"https:\/\/pastoraziun.ch\/rm\/wp-json\/wp\/v2\/media?parent=31"}],"curies":[{"name":"wp","href":"https:\/\/api.w.org\/{rel}","templated":true}]}}